{"id":985,"date":"2016-06-02T19:53:55","date_gmt":"2016-06-02T17:53:55","guid":{"rendered":"http:\/\/programavagalume.org\/gl\/centro-de-dia"},"modified":"2022-02-16T10:49:38","modified_gmt":"2022-02-16T09:49:38","slug":"centro-de-dia","status":"publish","type":"page","link":"https:\/\/programavagalume.org\/gl\/centro-de-dia","title":{"rendered":"Centro da muller"},"content":{"rendered":"<div class=\"fusion-fullwidth fullwidth-box fusion-builder-row-1 hundred-percent-fullwidth non-hundred-percent-height-scrolling\" style=\"background-color: rgba(255,255,255,0);background-position: center center;background-repeat: no-repeat;padding-top:0px;padding-right:0px;padding-bottom:0px;padding-left:0px;margin-bottom: 0px;margin-top: 0px;border-width: 0px 0px 0px 0px;border-color:#eae9e9;border-style:solid;\" ><div class=\"fusion-builder-row fusion-row\"><div class=\"fusion-layout-column fusion_builder_column fusion-builder-column-0 fusion_builder_column_1_1 1_1 fusion-one-full fusion-column-first fusion-column-last\" style=\"margin-top:0px;margin-bottom:20px;\"><div class=\"fusion-column-wrapper fusion-flex-column-wrapper-legacy\" style=\"background-position:left top;background-repeat:no-repeat;-webkit-background-size:cover;-moz-background-size:cover;-o-background-size:cover;background-size:cover;padding: 0px 0px 0px 0px;\"><style type=\"text\/css\"><\/style><div class=\"fusion-title title fusion-title-1 fusion-sep-none fusion-title-center fusion-title-text fusion-title-size-one color-red\" style=\"margin-top:10px;margin-right:0px;margin-bottom:15px;margin-left:0px;\"><h1 class=\"title-heading-center fusion-responsive-typography-calculated\" style=\"margin:0;--fontSize:64;line-height:var(--awb-typography1-line-height);\">Qu\u00e9 facemos<\/h1><\/div><div class=\"fusion-clearfix\"><\/div><\/div><\/div><div class=\"fusion-layout-column fusion_builder_column fusion-builder-column-1 fusion_builder_column_1_1 1_1 fusion-one-full fusion-column-first fusion-column-last\" style=\"margin-top:0px;margin-bottom:20px;\"><div class=\"fusion-column-wrapper fusion-flex-column-wrapper-legacy\" style=\"background-position:left top;background-repeat:no-repeat;-webkit-background-size:cover;-moz-background-size:cover;-o-background-size:cover;background-size:cover;padding: 0px 0px 0px 0px;\"><style type=\"text\/css\"><\/style><div class=\"fusion-title title fusion-title-2 sep-underline sep-dashed fusion-title-text fusion-title-size-three color-turquoise\" style=\"border-bottom-color:#dbe2ea;margin-top:10px;margin-right:0px;margin-bottom:15px;margin-left:0px;\"><h3 class=\"title-heading-left fusion-responsive-typography-calculated\" style=\"margin:0;--fontSize:36;line-height:var(--awb-typography1-line-height);\">Centro da muller<\/h3><\/div><div class=\"fusion-text fusion-text-1\"><p>\u00c9 un centro de d\u00eda de car\u00e1cter social que ofrece atenci\u00f3n integral a mulleres en contextos de prostituci\u00f3n e\/ou v\u00edtimas de trata con fins de explotaci\u00f3n sexual, proporcion\u00e1ndolles servizos de asesor\u00eda xur\u00eddica, orientaci\u00f3n en sa\u00fade integral e atenci\u00f3n psicol\u00f3xica, informaci\u00f3n e orientaci\u00f3n social, obradoiros de desenvolvemento persoal e orientaci\u00f3n laboral.<\/p>\n<\/div><span class=\" fusion-imageframe imageframe-none imageframe-1 hover-type-none\"><img src=\"http:\/\/programavagalume.org\/ficheros\/uploads\/2021\/12\/Calendario_Vagalume-sin-logos_page-00021.jpg\" alt class=\"img-responsive\"\/><\/span><div class=\"fusion-clearfix\"><\/div><\/div><\/div><div class=\"fusion-layout-column fusion_builder_column fusion-builder-column-2 fusion_builder_column_1_2 1_2 fusion-one-half fusion-column-first fusion-animated\" style=\"width:48%; margin-right: 4%;margin-top:0px;margin-bottom:20px;\" data-animationType=\"fadeInLeft\" data-animationDuration=\"0.9\" data-animationOffset=\"top-mid-of-view\"><div class=\"fusion-column-wrapper fusion-flex-column-wrapper-legacy\" style=\"background-position:left top;background-repeat:no-repeat;-webkit-background-size:cover;-moz-background-size:cover;-o-background-size:cover;background-size:cover;padding: 0px 0px 0px 0px;\"><style type=\"text\/css\"><\/style><div class=\"fusion-title title fusion-title-3 fusion-title-text fusion-title-size-five color-default\" style=\"margin-top:10px;margin-right:0px;margin-bottom:15px;margin-left:0px;\"><h5 class=\"title-heading-left fusion-responsive-typography-calculated\" style=\"margin:0;--fontSize:20;--minFontSize:20px;line-height:var(--awb-typography1-line-height);\">Asesor\u00eda xur\u00eddica<\/h5><span class=\"awb-title-spacer\"><\/span><div class=\"title-sep-container\"><div class=\"title-sep sep-double sep-solid\" style=\"border-color:#dbe2ea;\"><\/div><\/div><\/div><div class=\"fusion-sep-clear\"><\/div><div class=\"fusion-separator fusion-full-width-sep\" style=\"margin-left: auto;margin-right: auto;margin-top:10px;width:100%;\"><\/div><div class=\"fusion-sep-clear\"><\/div><div class=\"fusion-text fusion-text-2\"><p style=\"text-align: left;\">Orientaci\u00f3n socio-xur\u00eddica, apoio na xesti\u00f3n de asuntos b\u00e1sicos da vida diaria, dotar \u00e1s mulleres de informaci\u00f3n sobre os seus dereitos e de como facelos efectivos, identificaci\u00f3n e asistencia \u00e1s mulleres v\u00edtimas de TSH con fins de explotaci\u00f3n sexual independentemente de se te\u00f1en ou non reco\u00f1ecida a condici\u00f3n de v\u00edtima.<\/p>\n<\/div><div class=\"fusion-clearfix\"><\/div><\/div><\/div><div class=\"fusion-layout-column fusion_builder_column fusion-builder-column-3 fusion_builder_column_1_2 1_2 fusion-one-half fusion-column-last fusion-animated\" style=\"width:48%;margin-top:0px;margin-bottom:20px;\" data-animationType=\"fadeInRight\" data-animationDuration=\"0.9\" data-animationOffset=\"top-mid-of-view\"><div class=\"fusion-column-wrapper fusion-flex-column-wrapper-legacy\" style=\"background-position:left top;background-repeat:no-repeat;-webkit-background-size:cover;-moz-background-size:cover;-o-background-size:cover;background-size:cover;padding: 0px 0px 0px 0px;\"><style type=\"text\/css\"><\/style><div class=\"fusion-title title fusion-title-4 fusion-title-text fusion-title-size-five color-default\" style=\"margin-top:10px;margin-right:0px;margin-bottom:15px;margin-left:0px;\"><h5 class=\"title-heading-left fusion-responsive-typography-calculated\" style=\"margin:0;--fontSize:20;--minFontSize:20px;line-height:var(--awb-typography1-line-height);\">Orientaci\u00f3n en sa\u00fade integral e atenci\u00f3n psicol\u00f3xica<\/h5><span class=\"awb-title-spacer\"><\/span><div class=\"title-sep-container\"><div class=\"title-sep sep-double sep-solid\" style=\"border-color:#dbe2ea;\"><\/div><\/div><\/div><div class=\"fusion-sep-clear\"><\/div><div class=\"fusion-separator fusion-full-width-sep\" style=\"margin-left: auto;margin-right: auto;margin-top:10px;width:100%;\"><\/div><div class=\"fusion-sep-clear\"><\/div><div class=\"fusion-text fusion-text-3\"><p style=\"text-align: left;\">Acompa\u00f1amento en t\u00f3dalas fases do seu proceso de recuperaci\u00f3n persoal e resiliencia.<\/p>\n<\/div><div class=\"fusion-clearfix\"><\/div><\/div><\/div><div class=\"fusion-layout-column fusion_builder_column fusion-builder-column-4 fusion_builder_column_1_2 1_2 fusion-one-half fusion-column-first fusion-animated\" style=\"width:48%; margin-right: 4%;margin-top:0px;margin-bottom:20px;\" data-animationType=\"fadeInLeft\" data-animationDuration=\"0.9\" data-animationOffset=\"top-mid-of-view\"><div class=\"fusion-column-wrapper fusion-flex-column-wrapper-legacy\" style=\"background-position:left top;background-repeat:no-repeat;-webkit-background-size:cover;-moz-background-size:cover;-o-background-size:cover;background-size:cover;padding: 0px 0px 0px 0px;\"><style type=\"text\/css\"><\/style><div class=\"fusion-title title fusion-title-5 fusion-title-text fusion-title-size-five color-default\" style=\"margin-top:10px;margin-right:0px;margin-bottom:15px;margin-left:0px;\"><h5 class=\"title-heading-left fusion-responsive-typography-calculated\" style=\"margin:0;--fontSize:20;--minFontSize:20px;line-height:var(--awb-typography1-line-height);\">Orientaci\u00f3n social<\/h5><span class=\"awb-title-spacer\"><\/span><div class=\"title-sep-container\"><div class=\"title-sep sep-double sep-solid\" style=\"border-color:#dbe2ea;\"><\/div><\/div><\/div><div class=\"fusion-sep-clear\"><\/div><div class=\"fusion-separator fusion-full-width-sep\" style=\"margin-left: auto;margin-right: auto;margin-top:10px;width:100%;\"><\/div><div class=\"fusion-sep-clear\"><\/div><div class=\"fusion-text fusion-text-4\"><p>Informaci\u00f3n, asesoramento e acompa\u00f1amento coa finalidade de garantir o acceso das mulleres a dereitos fundamentais.<\/p>\n<\/div><div class=\"fusion-clearfix\"><\/div><\/div><\/div><div class=\"fusion-layout-column fusion_builder_column fusion-builder-column-5 fusion_builder_column_1_2 1_2 fusion-one-half fusion-column-last fusion-animated\" style=\"width:48%;margin-top:0px;margin-bottom:20px;\" data-animationType=\"fadeInRight\" data-animationDuration=\"0.9\" data-animationOffset=\"top-mid-of-view\"><div class=\"fusion-column-wrapper fusion-flex-column-wrapper-legacy\" style=\"background-position:left top;background-repeat:no-repeat;-webkit-background-size:cover;-moz-background-size:cover;-o-background-size:cover;background-size:cover;padding: 0px 0px 0px 0px;\"><style type=\"text\/css\"><\/style><div class=\"fusion-title title fusion-title-6 fusion-title-text fusion-title-size-five color-default\" style=\"margin-top:10px;margin-right:0px;margin-bottom:15px;margin-left:0px;\"><h5 class=\"title-heading-left fusion-responsive-typography-calculated\" style=\"margin:0;--fontSize:20;--minFontSize:20px;line-height:var(--awb-typography1-line-height);\">Orientaci\u00f3n laboral<\/h5><span class=\"awb-title-spacer\"><\/span><div class=\"title-sep-container\"><div class=\"title-sep sep-double sep-solid\" style=\"border-color:#dbe2ea;\"><\/div><\/div><\/div><div class=\"fusion-sep-clear\"><\/div><div class=\"fusion-separator fusion-full-width-sep\" style=\"margin-left: auto;margin-right: auto;margin-top:10px;width:100%;\"><\/div><div class=\"fusion-sep-clear\"><\/div><div class=\"fusion-text fusion-text-5\"><p>Informaci\u00f3n, asesoramento e acompa\u00f1amento coa fin de dotar \u00e1s participantes dos recursos e ferramentas necesarias para comezar unha busca activa de emprego con posibilidades reais e xustas.<\/p>\n<\/div><div class=\"fusion-clearfix\"><\/div><\/div><\/div><div class=\"fusion-layout-column fusion_builder_column fusion-builder-column-6 fusion_builder_column_1_2 1_2 fusion-one-half fusion-column-first fusion-animated\" style=\"width:48%; margin-right: 4%;margin-top:0px;margin-bottom:20px;\" data-animationType=\"fadeInRight\" data-animationDuration=\"0.9\" data-animationOffset=\"top-mid-of-view\"><div class=\"fusion-column-wrapper fusion-flex-column-wrapper-legacy\" style=\"background-position:left top;background-repeat:no-repeat;-webkit-background-size:cover;-moz-background-size:cover;-o-background-size:cover;background-size:cover;padding: 0px 0px 0px 0px;\"><style type=\"text\/css\"><\/style><div class=\"fusion-title title fusion-title-7 fusion-title-text fusion-title-size-five color-default\" style=\"margin-top:10px;margin-right:0px;margin-bottom:15px;margin-left:0px;\"><h5 class=\"title-heading-left fusion-responsive-typography-calculated\" style=\"margin:0;--fontSize:20;--minFontSize:20px;line-height:var(--awb-typography1-line-height);\">Obradoiros de desenvolvemento persoal<\/h5><span class=\"awb-title-spacer\"><\/span><div class=\"title-sep-container\"><div class=\"title-sep sep-double sep-solid\" style=\"border-color:#dbe2ea;\"><\/div><\/div><\/div><div class=\"fusion-sep-clear\"><\/div><div class=\"fusion-separator fusion-full-width-sep\" style=\"margin-left: auto;margin-right: auto;margin-top:10px;width:100%;\"><\/div><div class=\"fusion-sep-clear\"><\/div><div class=\"fusion-text fusion-text-6\"><p>Actividades grupais realizadas dende un enfoque de empoderamento, de tem\u00e1tica diversa (habilidades sociais, igualdade, x\u00e9nero, sa\u00fade&#8230;).<\/p>\n<\/div><div class=\"fusion-clearfix\"><\/div><\/div><\/div><div class=\"fusion-layout-column fusion_builder_column fusion-builder-column-7 fusion_builder_column_1_2 1_2 fusion-one-half fusion-column-last fusion-animated\" style=\"width:48%;margin-top:0px;margin-bottom:20px;\" data-animationType=\"fadeInRight\" data-animationDuration=\"0.9\" data-animationOffset=\"top-mid-of-view\"><div class=\"fusion-column-wrapper fusion-flex-column-wrapper-legacy\" style=\"background-position:left top;background-repeat:no-repeat;-webkit-background-size:cover;-moz-background-size:cover;-o-background-size:cover;background-size:cover;padding: 0px 0px 0px 0px;\"><style type=\"text\/css\"><\/style><div class=\"fusion-title title fusion-title-8 fusion-title-text fusion-title-size-five color-default\" style=\"margin-top:10px;margin-right:0px;margin-bottom:15px;margin-left:0px;\"><h5 class=\"title-heading-left fusion-responsive-typography-calculated\" style=\"margin:0;--fontSize:20;--minFontSize:20px;line-height:var(--awb-typography1-line-height);\">Proba r\u00e1pida do VIH<\/h5><span class=\"awb-title-spacer\"><\/span><div class=\"title-sep-container\"><div class=\"title-sep sep-double sep-solid\" style=\"border-color:#dbe2ea;\"><\/div><\/div><\/div><div class=\"fusion-sep-clear\"><\/div><div class=\"fusion-separator fusion-full-width-sep\" style=\"margin-left: auto;margin-right: auto;margin-top:10px;width:100%;\"><\/div><div class=\"fusion-sep-clear\"><\/div><span class=\" fusion-imageframe imageframe-none imageframe-2 hover-type-none\"><img src=\"http:\/\/programavagalume.org\/ficheros\/uploads\/2016\/06\/programavagalume_centro-de-dia.jpg\" alt class=\"img-responsive\"\/><\/span><div class=\"fusion-text fusion-text-7\"><p>Posibilidade de realizar a proba r\u00e1pida do VIH para persoas que tiveron unha posible situaci\u00f3n de transmisi\u00f3n e que te\u00f1en dificultades, por diferentes motivos, para acudir aos servizos de sa\u00fade. A proba real\u00edzase de forma an\u00f3nima, individual, de modo confidencial e sen custo.<\/p>\n<\/div><div class=\"fusion-clearfix\"><\/div><\/div><\/div><\/div><style type=\"text\/css\">.fusion-fullwidth.fusion-builder-row-1 { overflow:visible; }<\/style><\/div>\n","protected":false},"excerpt":{"rendered":"","protected":false},"author":3,"featured_media":0,"parent":0,"menu_order":0,"comment_status":"closed","ping_status":"closed","template":"","meta":[],"yoast_head":"<!-- This site is optimized with the Yoast SEO plugin v17.9 - https:\/\/yoast.com\/wordpress\/plugins\/seo\/ -->\n<title>Centro da muller - Vagalume<\/title>\n<meta name=\"robots\" content=\"index, follow, max-snippet:-1, max-image-preview:large, max-video-preview:-1\" \/>\n<link rel=\"canonical\" href=\"https:\/\/programavagalume.org\/gl\/centro-de-dia\" \/>\n<meta property=\"og:locale\" content=\"es_ES\" \/>\n<meta property=\"og:type\" content=\"article\" \/>\n<meta property=\"og:title\" content=\"Centro da muller - Vagalume\" \/>\n<meta property=\"og:url\" content=\"https:\/\/programavagalume.org\/gl\/centro-de-dia\" \/>\n<meta property=\"og:site_name\" content=\"Vagalume\" \/>\n<meta property=\"article:modified_time\" content=\"2022-02-16T09:49:38+00:00\" \/>\n<meta property=\"og:image\" content=\"http:\/\/programavagalume.org\/ficheros\/uploads\/2021\/12\/Calendario_Vagalume-sin-logos_page-00021.jpg\" \/>\n<meta name=\"twitter:card\" content=\"summary\" \/>\n<meta name=\"twitter:label1\" content=\"Est. reading time\" \/>\n\t<meta name=\"twitter:data1\" content=\"12 minutes\" \/>\n<script type=\"application\/ld+json\" class=\"yoast-schema-graph\">{\"@context\":\"https:\/\/schema.org\",\"@graph\":[{\"@type\":\"WebSite\",\"@id\":\"https:\/\/programavagalume.org\/#website\",\"url\":\"https:\/\/programavagalume.org\/\",\"name\":\"Vagalume\",\"description\":\"\",\"potentialAction\":[{\"@type\":\"SearchAction\",\"target\":{\"@type\":\"EntryPoint\",\"urlTemplate\":\"https:\/\/programavagalume.org\/?s={search_term_string}\"},\"query-input\":\"required name=search_term_string\"}],\"inLanguage\":\"es-GL\"},{\"@type\":\"ImageObject\",\"@id\":\"https:\/\/programavagalume.org\/gl\/centro-de-dia#primaryimage\",\"inLanguage\":\"es-GL\",\"url\":\"http:\/\/programavagalume.org\/ficheros\/uploads\/2021\/12\/Calendario_Vagalume-sin-logos_page-00021.jpg\",\"contentUrl\":\"http:\/\/programavagalume.org\/ficheros\/uploads\/2021\/12\/Calendario_Vagalume-sin-logos_page-00021.jpg\"},{\"@type\":\"WebPage\",\"@id\":\"https:\/\/programavagalume.org\/gl\/centro-de-dia#webpage\",\"url\":\"https:\/\/programavagalume.org\/gl\/centro-de-dia\",\"name\":\"Centro da muller - Vagalume\",\"isPartOf\":{\"@id\":\"https:\/\/programavagalume.org\/#website\"},\"primaryImageOfPage\":{\"@id\":\"https:\/\/programavagalume.org\/gl\/centro-de-dia#primaryimage\"},\"datePublished\":\"2016-06-02T17:53:55+00:00\",\"dateModified\":\"2022-02-16T09:49:38+00:00\",\"breadcrumb\":{\"@id\":\"https:\/\/programavagalume.org\/gl\/centro-de-dia#breadcrumb\"},\"inLanguage\":\"es-GL\",\"potentialAction\":[{\"@type\":\"ReadAction\",\"target\":[\"https:\/\/programavagalume.org\/gl\/centro-de-dia\"]}]},{\"@type\":\"BreadcrumbList\",\"@id\":\"https:\/\/programavagalume.org\/gl\/centro-de-dia#breadcrumb\",\"itemListElement\":[{\"@type\":\"ListItem\",\"position\":1,\"name\":\"Portada\",\"item\":\"https:\/\/programavagalume.org\/gl\"},{\"@type\":\"ListItem\",\"position\":2,\"name\":\"Centro da muller\"}]}]}<\/script>\n<!-- \/ Yoast SEO plugin. -->","yoast_head_json":{"title":"Centro da muller - Vagalume","robots":{"index":"index","follow":"follow","max-snippet":"max-snippet:-1","max-image-preview":"max-image-preview:large","max-video-preview":"max-video-preview:-1"},"canonical":"https:\/\/programavagalume.org\/gl\/centro-de-dia","og_locale":"es_ES","og_type":"article","og_title":"Centro da muller - Vagalume","og_url":"https:\/\/programavagalume.org\/gl\/centro-de-dia","og_site_name":"Vagalume","article_modified_time":"2022-02-16T09:49:38+00:00","og_image":[{"url":"http:\/\/programavagalume.org\/ficheros\/uploads\/2021\/12\/Calendario_Vagalume-sin-logos_page-00021.jpg"}],"twitter_card":"summary","twitter_misc":{"Est. reading time":"12 minutes"},"schema":{"@context":"https:\/\/schema.org","@graph":[{"@type":"WebSite","@id":"https:\/\/programavagalume.org\/#website","url":"https:\/\/programavagalume.org\/","name":"Vagalume","description":"","potentialAction":[{"@type":"SearchAction","target":{"@type":"EntryPoint","urlTemplate":"https:\/\/programavagalume.org\/?s={search_term_string}"},"query-input":"required name=search_term_string"}],"inLanguage":"es-GL"},{"@type":"ImageObject","@id":"https:\/\/programavagalume.org\/gl\/centro-de-dia#primaryimage","inLanguage":"es-GL","url":"http:\/\/programavagalume.org\/ficheros\/uploads\/2021\/12\/Calendario_Vagalume-sin-logos_page-00021.jpg","contentUrl":"http:\/\/programavagalume.org\/ficheros\/uploads\/2021\/12\/Calendario_Vagalume-sin-logos_page-00021.jpg"},{"@type":"WebPage","@id":"https:\/\/programavagalume.org\/gl\/centro-de-dia#webpage","url":"https:\/\/programavagalume.org\/gl\/centro-de-dia","name":"Centro da muller - Vagalume","isPartOf":{"@id":"https:\/\/programavagalume.org\/#website"},"primaryImageOfPage":{"@id":"https:\/\/programavagalume.org\/gl\/centro-de-dia#primaryimage"},"datePublished":"2016-06-02T17:53:55+00:00","dateModified":"2022-02-16T09:49:38+00:00","breadcrumb":{"@id":"https:\/\/programavagalume.org\/gl\/centro-de-dia#breadcrumb"},"inLanguage":"es-GL","potentialAction":[{"@type":"ReadAction","target":["https:\/\/programavagalume.org\/gl\/centro-de-dia"]}]},{"@type":"BreadcrumbList","@id":"https:\/\/programavagalume.org\/gl\/centro-de-dia#breadcrumb","itemListElement":[{"@type":"ListItem","position":1,"name":"Portada","item":"https:\/\/programavagalume.org\/gl"},{"@type":"ListItem","position":2,"name":"Centro da muller"}]}]}},"_links":{"self":[{"href":"https:\/\/programavagalume.org\/gl\/wp-json\/wp\/v2\/pages\/985"}],"collection":[{"href":"https:\/\/programavagalume.org\/gl\/wp-json\/wp\/v2\/pages"}],"about":[{"href":"https:\/\/programavagalume.org\/gl\/wp-json\/wp\/v2\/types\/page"}],"author":[{"embeddable":true,"href":"https:\/\/programavagalume.org\/gl\/wp-json\/wp\/v2\/users\/3"}],"replies":[{"embeddable":true,"href":"https:\/\/programavagalume.org\/gl\/wp-json\/wp\/v2\/comments?post=985"}],"version-history":[{"count":12,"href":"https:\/\/programavagalume.org\/gl\/wp-json\/wp\/v2\/pages\/985\/revisions"}],"predecessor-version":[{"id":2323,"href":"https:\/\/programavagalume.org\/gl\/wp-json\/wp\/v2\/pages\/985\/revisions\/2323"}],"wp:attachment":[{"href":"https:\/\/programavagalume.org\/gl\/wp-json\/wp\/v2\/media?parent=985"}],"curies":[{"name":"wp","href":"https:\/\/api.w.org\/{rel}","templated":true}]}}