{"id":1279,"date":"2017-03-23T17:57:34","date_gmt":"2017-03-23T16:57:34","guid":{"rendered":"http:\/\/programavagalume.org\/gl\/?page_id=1279"},"modified":"2022-01-20T10:13:15","modified_gmt":"2022-01-20T09:13:15","slug":"aviso-legal","status":"publish","type":"page","link":"https:\/\/programavagalume.org\/gl\/aviso-legal","title":{"rendered":"Aviso Legal"},"content":{"rendered":"<h2>Condiciones de uso Objeto y aceptaci\u00f3n<\/h2>\n<p>Estas son las condiciones generales que regulan el uso del servicio de portal de Internet www.programavagalume.org (en adelante, el \u201cPortal\u201d).<br \/>\nLa utilizaci\u00f3n del Portal atribuye la condici\u00f3n de usuario del Portal (en adelante, el \u201cUsuario\u201d) y expresa la adhesi\u00f3n plena y sin reservas del Usuario a todas y cada una de las Condiciones Generales en la versi\u00f3n publicada por www.programavagalume.org en el momento mismo en que el Usuario acceda al Portal. En consecuencia, el Usuario debe leer atentamente la Pol\u00edtica de Privacidad en cada una de las ocasiones en que se proponga utilizar el Portal.<br \/>\nEl acceso a y\/o la utilizaci\u00f3n de ciertos servicios y contenidos ofrecidos a los Usuarios en y\/o a trav\u00e9s del Portal se encuentra sometida a ciertas condiciones particulares propias que, seg\u00fan los casos, sustituyen, completan y\/o modifican las Pol\u00edtica de Privacidad (en adelante, las \u201cCondiciones Particulares\u201d). Con anterioridad al acceso y\/o la utilizaci\u00f3n de dichos servicios y contenidos, por tanto, el Usuario ha de leer atentamente tambi\u00e9n las correspondientes Condiciones Particulares. El acceso a y\/o la utilizaci\u00f3n de dichos servicios y contenidos expresa la entera e incondicional aceptaci\u00f3n de las Condiciones Particulares en la versi\u00f3n publicada por www.programavagalume.org en el momento en que se produzca dicho acceso y\/o utilizaci\u00f3n.<br \/>\nwww.programavagalume.org se reserva el derecho de modificar o eliminar en cualquier momento y sin aviso previo la presentaci\u00f3n del portal, las condiciones de su utilizaci\u00f3n, los servicios ofrecidos y las condiciones para acceder y\/o utilizar esos servicios.<\/p>\n<h2>Condiciones de acceso y Utilizaci\u00f3n del portal<\/h2>\n<p>El Usuario se compromete a utilizar el Portal y los Servicios de manera conforme con la ley, con lo dispuesto en Pol\u00edtica de Privacidad, la moral y buenas costumbres generalmente aceptadas y el orden p\u00fablico, y se obliga a abstenerse de utilizar el Portal y los Servicios con fines o efectos il\u00edcitos, contrarios a lo establecido en las presentes Pol\u00edtica de Privacidad, lesivos de los derechos e intereses de terceros, o que de cualquier forma puedan da\u00f1ar, inutilizar, sobrecargar o deteriorar el Portal y los Servicios o impedir la normal utilizaci\u00f3n o disfrute del Portal y de los Servicios por parte de los Usuarios. El Usuario se abstendr\u00e1 de modificar, copiar, distribuir, transmitir, divulgar, utilizar, reproducir, publicar, licenciar, ceder, vender ni crear trabajos derivados a partir de la informaci\u00f3n recibida del portal.<br \/>\nEl Usuario reconoce y acepta que www.programavagalume.org podr\u00e1 en cualquier momento y sin notificaci\u00f3n previa y a su plena discreci\u00f3n, negar el acceso al Usuario al portal, cuando www.programavagalume.org considere que el Usuario ha incurrido en alg\u00fan incumplimiento a algunas de sus obligaciones incluidas en el Convenio; el Usuario no tendr\u00e1 derecho a reclamarle a www.programavagalume.org indemnizaci\u00f3n alguna que tal rescisi\u00f3n le hubiera causado. www.programavagalume.org en cualquier momento con o sin notificaci\u00f3n previa alguna, podr\u00e1 modificar todos o parte de los Servicios o el portal.<\/p>\n<h2>Datos de Car\u00e1cter Personal<\/h2>\n<p>Para acceder a y\/o utilizar los Servicios de www.programavagalume.org es necesario que los Usuarios proporcionen previamente a www.programavagalume.org ciertos datos de car\u00e1cter personal (en adelante, los \u201cDatos Personales\u201d), que www.programavagalume.org tratar\u00e1 automatizadamente e incorporar\u00e1 a un fichero automatizado.<br \/>\nLos datos recogidos en esta web son a t\u00edtulo informativo; www.programavagalume.org no se responsabiliza de las omisiones, imprecisiones o errores que pudiesen producirse en alg\u00fan momento en los datos y documentos aqu\u00ed facilitados, ni de las consecuencias que puedan originarse por su utilizaci\u00f3n.<br \/>\nEn ning\u00fan caso desde www.programavagalume.org se proporcionar\u00e1 informaci\u00f3n a terceros que identifique a sus usuarios sin una autorizaci\u00f3n de \u00e9stos. Garantizamos la confidencialidad en el tratamiento de los datos de car\u00e1cter personal, as\u00ed como la implementaci\u00f3n de las medidas de \u00edndole t\u00e9cnica y organizativas que garantizan la seguridad de dichos datos.<br \/>\nTodas estas circunstancias ser\u00e1n previa y debidamente advertidas por www.programavagalume.org a los Usuarios, en los casos y en la forma en que ello resulta legalmente exigible.<br \/>\nwww.programavagalume.org garantiza que ha adoptado las medidas oportunas de seguridad en sus instalaciones, sistemas y ficheros. Asimismo, www.programavagalume.org garantiza la confidencialidad de los Datos Personales. Los Usuarios tienen reconocidos y podr\u00e1n ejercitar los derechos de acceso, cancelaci\u00f3n, rectificaci\u00f3n y oposici\u00f3n contactando con www.programavagalume.org a trav\u00e9s del correo electr\u00f3nico vagalume.cdsantiago@caritas.es  o escribiendo a su domicilio sitio R\u00faa dos Loureiros n\u00ba 3 Bajo \u2013 15704, Santiago de Compostela. Los Usuarios garantizan y responden, en cualquier caso, de la veracidad, exactitud, vigencia y autenticidad de los Datos Personales facilitados, y se comprometen a mantenerlos debidamente actualizados.<\/p>\n<h2>Responsabilidad<\/h2>\n<p>El Usuario es consciente de, y acepta voluntariamente, que el uso del Portal, de los Servicios y de cualesquiera Contenidos tiene lugar, en todo caso, bajo su \u00fanica y exclusiva responsabilidad.<br \/>\nEl Usuario expresamente reconoce y acepta que www.programavagalume.org bajo ninguna circunstancia ser\u00e1 responsable por cualquier da\u00f1o directo, indirecto, emergente, lucro cesante, relacionados directa o indirectamente con el uso o la imposibilidad de usar el portal; la posibilidad o imposibilidad por parte del Usuario de utilizar los Servicios o la informaci\u00f3n obtenida de los Servicios o cualquier otra circunstancia directa o indirectamente relacionada con los Servicios o con la navegaci\u00f3n del Usuario en el portal.<br \/>\nEl Usuario expresamente reconoce y acepta que la utilizaci\u00f3n por su parte de los Servicios y del portal es a su exclusivo costo y riesgo. www.programavagalume.org. no garantiza la exactitud de toda informaci\u00f3n, documentaci\u00f3n y precisi\u00f3n de los Servicios contenidos en el portal. Todo el material descargado por el Usuario del portal se realiza bajo la exclusiva responsabilidad del Usuario, no siendo www.programavagalume.org. responsable por cualquier da\u00f1o que dicha informaci\u00f3n pudiera causar en la computadora o sistemas del Usuario.<\/p>\n<h2>Exclusi\u00f3n de responsabilidad<\/h2>\n<p>La informaci\u00f3n contenida en esta p\u00e1gina web ha sido revisada y se actualiza frecuentemente. No se ofrece garant\u00eda de integridad, correcci\u00f3n o actualidad. Todos los datos pueden ser retirados o modificados en cualquier momento sin necesidad de notificaci\u00f3n.<br \/>\nA pesar de revisar y controlar el contenido peri\u00f3dicamente no nos hacemos responsables del contenido de enlaces externos. www.programavagalume.org no se responsabiliza del contenido de otras p\u00e1ginas web que tengan enlaces a www.programavagalume.org.<\/p>\n<h2>Jurisdicci\u00f3n<\/h2>\n<p>Para la resoluci\u00f3n de todas las controversias o cuestiones relacionadas con el presente sitio web o de las actividades en \u00e9l desarrolladas, ser\u00e1 de aplicaci\u00f3n la legislaci\u00f3n espa\u00f1ola siendo competentes para la resoluci\u00f3n de todos los conflictos derivados o relacionados con su uso los Juzgados y Tribunales espa\u00f1oles competentes.<\/p>\n<h2>Titularidad del sitio Web<\/h2>\n<p>La p\u00e1gina www.programavagalume.org es propiedad de CARITAS DIOCESANA DE SANTIAGO DE COMPOSTELA<br \/>\nDirecci\u00f3n: R\u00faa dos Loureiros n\u00ba 3 Bajo \u2013 15704, Santiago de Compostela<br \/>\nTel\u00e9fono: 981 58 55 15<br \/>\nEmail: vagalume.cdsantiago@caritas.es<\/p>\n","protected":false},"excerpt":{"rendered":"<p>Condiciones de uso Objeto y aceptaci\u00f3n Estas son las condiciones generales que regulan el uso del servicio de portal de Internet www.programavagalume.org (en adelante, el \u201cPortal\u201d). La utilizaci\u00f3n del Portal atribuye la condici\u00f3n de usuario del Portal (en adelante, el \u201cUsuario\u201d) y expresa la adhesi\u00f3n plena y sin reservas del Usuario a todas y cada [&hellip;]<\/p>\n","protected":false},"author":3,"featured_media":0,"parent":0,"menu_order":0,"comment_status":"closed","ping_status":"closed","template":"","meta":[],"yoast_head":"<!-- This site is optimized with the Yoast SEO plugin v17.9 - https:\/\/yoast.com\/wordpress\/plugins\/seo\/ -->\n<title>Aviso Legal - Vagalume<\/title>\n<meta name=\"robots\" content=\"index, follow, max-snippet:-1, max-image-preview:large, max-video-preview:-1\" \/>\n<link rel=\"canonical\" href=\"https:\/\/programavagalume.org\/gl\/aviso-legal\" \/>\n<meta property=\"og:locale\" content=\"es_ES\" \/>\n<meta property=\"og:type\" content=\"article\" \/>\n<meta property=\"og:title\" content=\"Aviso Legal - Vagalume\" \/>\n<meta property=\"og:description\" content=\"Condiciones de uso Objeto y aceptaci\u00f3n Estas son las condiciones generales que regulan el uso del servicio de portal de Internet www.programavagalume.org (en adelante, el \u201cPortal\u201d). La utilizaci\u00f3n del Portal atribuye la condici\u00f3n de usuario del Portal (en adelante, el \u201cUsuario\u201d) y expresa la adhesi\u00f3n plena y sin reservas del Usuario a todas y cada [&hellip;]\" \/>\n<meta property=\"og:url\" content=\"https:\/\/programavagalume.org\/gl\/aviso-legal\" \/>\n<meta property=\"og:site_name\" content=\"Vagalume\" \/>\n<meta property=\"article:modified_time\" content=\"2022-01-20T09:13:15+00:00\" \/>\n<meta name=\"twitter:card\" content=\"summary\" \/>\n<meta name=\"twitter:label1\" content=\"Est. reading time\" \/>\n\t<meta name=\"twitter:data1\" content=\"6 minutes\" \/>\n<script type=\"application\/ld+json\" class=\"yoast-schema-graph\">{\"@context\":\"https:\/\/schema.org\",\"@graph\":[{\"@type\":\"WebSite\",\"@id\":\"https:\/\/programavagalume.org\/#website\",\"url\":\"https:\/\/programavagalume.org\/\",\"name\":\"Vagalume\",\"description\":\"\",\"potentialAction\":[{\"@type\":\"SearchAction\",\"target\":{\"@type\":\"EntryPoint\",\"urlTemplate\":\"https:\/\/programavagalume.org\/?s={search_term_string}\"},\"query-input\":\"required name=search_term_string\"}],\"inLanguage\":\"es-GL\"},{\"@type\":\"WebPage\",\"@id\":\"https:\/\/programavagalume.org\/gl\/aviso-legal#webpage\",\"url\":\"https:\/\/programavagalume.org\/gl\/aviso-legal\",\"name\":\"Aviso Legal - Vagalume\",\"isPartOf\":{\"@id\":\"https:\/\/programavagalume.org\/#website\"},\"datePublished\":\"2017-03-23T16:57:34+00:00\",\"dateModified\":\"2022-01-20T09:13:15+00:00\",\"breadcrumb\":{\"@id\":\"https:\/\/programavagalume.org\/gl\/aviso-legal#breadcrumb\"},\"inLanguage\":\"es-GL\",\"potentialAction\":[{\"@type\":\"ReadAction\",\"target\":[\"https:\/\/programavagalume.org\/gl\/aviso-legal\"]}]},{\"@type\":\"BreadcrumbList\",\"@id\":\"https:\/\/programavagalume.org\/gl\/aviso-legal#breadcrumb\",\"itemListElement\":[{\"@type\":\"ListItem\",\"position\":1,\"name\":\"Portada\",\"item\":\"https:\/\/programavagalume.org\/gl\"},{\"@type\":\"ListItem\",\"position\":2,\"name\":\"Aviso Legal\"}]}]}<\/script>\n<!-- \/ Yoast SEO plugin. -->","yoast_head_json":{"title":"Aviso Legal - Vagalume","robots":{"index":"index","follow":"follow","max-snippet":"max-snippet:-1","max-image-preview":"max-image-preview:large","max-video-preview":"max-video-preview:-1"},"canonical":"https:\/\/programavagalume.org\/gl\/aviso-legal","og_locale":"es_ES","og_type":"article","og_title":"Aviso Legal - Vagalume","og_description":"Condiciones de uso Objeto y aceptaci\u00f3n Estas son las condiciones generales que regulan el uso del servicio de portal de Internet www.programavagalume.org (en adelante, el \u201cPortal\u201d). La utilizaci\u00f3n del Portal atribuye la condici\u00f3n de usuario del Portal (en adelante, el \u201cUsuario\u201d) y expresa la adhesi\u00f3n plena y sin reservas del Usuario a todas y cada [&hellip;]","og_url":"https:\/\/programavagalume.org\/gl\/aviso-legal","og_site_name":"Vagalume","article_modified_time":"2022-01-20T09:13:15+00:00","twitter_card":"summary","twitter_misc":{"Est. reading time":"6 minutes"},"schema":{"@context":"https:\/\/schema.org","@graph":[{"@type":"WebSite","@id":"https:\/\/programavagalume.org\/#website","url":"https:\/\/programavagalume.org\/","name":"Vagalume","description":"","potentialAction":[{"@type":"SearchAction","target":{"@type":"EntryPoint","urlTemplate":"https:\/\/programavagalume.org\/?s={search_term_string}"},"query-input":"required name=search_term_string"}],"inLanguage":"es-GL"},{"@type":"WebPage","@id":"https:\/\/programavagalume.org\/gl\/aviso-legal#webpage","url":"https:\/\/programavagalume.org\/gl\/aviso-legal","name":"Aviso Legal - Vagalume","isPartOf":{"@id":"https:\/\/programavagalume.org\/#website"},"datePublished":"2017-03-23T16:57:34+00:00","dateModified":"2022-01-20T09:13:15+00:00","breadcrumb":{"@id":"https:\/\/programavagalume.org\/gl\/aviso-legal#breadcrumb"},"inLanguage":"es-GL","potentialAction":[{"@type":"ReadAction","target":["https:\/\/programavagalume.org\/gl\/aviso-legal"]}]},{"@type":"BreadcrumbList","@id":"https:\/\/programavagalume.org\/gl\/aviso-legal#breadcrumb","itemListElement":[{"@type":"ListItem","position":1,"name":"Portada","item":"https:\/\/programavagalume.org\/gl"},{"@type":"ListItem","position":2,"name":"Aviso Legal"}]}]}},"_links":{"self":[{"href":"https:\/\/programavagalume.org\/gl\/wp-json\/wp\/v2\/pages\/1279"}],"collection":[{"href":"https:\/\/programavagalume.org\/gl\/wp-json\/wp\/v2\/pages"}],"about":[{"href":"https:\/\/programavagalume.org\/gl\/wp-json\/wp\/v2\/types\/page"}],"author":[{"embeddable":true,"href":"https:\/\/programavagalume.org\/gl\/wp-json\/wp\/v2\/users\/3"}],"replies":[{"embeddable":true,"href":"https:\/\/programavagalume.org\/gl\/wp-json\/wp\/v2\/comments?post=1279"}],"version-history":[{"count":2,"href":"https:\/\/programavagalume.org\/gl\/wp-json\/wp\/v2\/pages\/1279\/revisions"}],"predecessor-version":[{"id":2350,"href":"https:\/\/programavagalume.org\/gl\/wp-json\/wp\/v2\/pages\/1279\/revisions\/2350"}],"wp:attachment":[{"href":"https:\/\/programavagalume.org\/gl\/wp-json\/wp\/v2\/media?parent=1279"}],"curies":[{"name":"wp","href":"https:\/\/api.w.org\/{rel}","templated":true}]}}